{"id":6883,"date":"2022-01-11T17:00:55","date_gmt":"2022-01-11T17:00:55","guid":{"rendered":"https:\/\/healourcommuni.wpenginepowered.com\/?page_id=6883"},"modified":"2022-01-18T04:57:43","modified_gmt":"2022-01-18T04:57:43","slug":"gade-2","status":"publish","type":"page","link":"https:\/\/healourcommunities.org\/ht\/gade-2\/","title":{"rendered":"Gade Ev\u00e8nman Jounen Nasyonal Gerizon Rasyal 2022 a."},"content":{"rendered":"\t\t<div data-elementor-type=\"wp-page\" data-elementor-id=\"6883\" class=\"elementor elementor-6883\" data-elementor-post-type=\"page\">\n\t\t\t\t\t\t<section data-particle_enable=\"false\" data-particle-mobile-disabled=\"false\" class=\"elementor-section elementor-top-section elementor-element elementor-element-a598ce0 elementor-section-content-middle elementor-section-boxed elementor-section-height-default elementor-section-height-default\" data-id=\"a598ce0\" data-element_type=\"section\" data-e-type=\"section\" data-settings=\"{&quot;background_background&quot;:&quot;classic&quot;}\">\n\t\t\t\t\t\t<div class=\"elementor-container elementor-column-gap-default\">\n\t\t\t\t\t<div class=\"elementor-column elementor-col-100 elementor-top-column elementor-element elementor-element-9efae20\" data-id=\"9efae20\" data-element_type=\"column\" data-e-type=\"column\">\n\t\t\t<div class=\"elementor-widget-wrap elementor-element-populated\">\n\t\t\t\t\t\t<div class=\"elementor-element elementor-element-66cf4ab elementor-widget elementor-widget-heading\" data-id=\"66cf4ab\" data-element_type=\"widget\" data-e-type=\"widget\" data-widget_type=\"heading.default\">\n\t\t\t\t<div class=\"elementor-widget-container\">\n\t\t\t\t\t<h2 class=\"elementor-heading-title elementor-size-default\">GADE EV\u00c8NMAN JOU NASYONAL GERIZON RASYAL POU 2022 A<\/h2>\t\t\t\t<\/div>\n\t\t\t\t<\/div>\n\t\t\t\t\t<\/div>\n\t\t<\/div>\n\t\t\t\t\t<\/div>\n\t\t<\/section>\n\t\t\t\t<section data-particle_enable=\"false\" data-particle-mobile-disabled=\"false\" class=\"elementor-section elementor-top-section elementor-element elementor-element-ae1fc1b elementor-section-full_width elementor-section-height-min-height elementor-section-items-top elementor-section-height-default\" data-id=\"ae1fc1b\" data-element_type=\"section\" data-e-type=\"section\" data-settings=\"{&quot;background_background&quot;:&quot;classic&quot;}\">\n\t\t\t\t\t\t<div class=\"elementor-container elementor-column-gap-default\">\n\t\t\t\t\t<div class=\"elementor-column elementor-col-50 elementor-top-column elementor-element elementor-element-0652c4f\" data-id=\"0652c4f\" data-element_type=\"column\" data-e-type=\"column\">\n\t\t\t<div class=\"elementor-widget-wrap elementor-element-populated\">\n\t\t\t\t\t\t<div class=\"elementor-element elementor-element-8c165aa elementor-widget elementor-widget-text-editor\" data-id=\"8c165aa\" data-element_type=\"widget\" data-e-type=\"widget\" data-widget_type=\"text-editor.default\">\n\t\t\t\t<div class=\"elementor-widget-container\">\n\t\t\t\t\t\t\t\t\t<div class=\"epyt-video-wrapper\"><iframe  id=\"_ytid_80762\"  width=\"800\" height=\"450\"  data-origwidth=\"800\" data-origheight=\"450\"  data-relstop=\"1\" src=\"https:\/\/www.youtube.com\/embed\/xk7BqnetLMs?enablejsapi=1&#038;autoplay=0&#038;cc_load_policy=0&#038;cc_lang_pref=&#038;iv_load_policy=1&#038;loop=0&#038;rel=0&#038;fs=1&#038;playsinline=0&#038;autohide=2&#038;theme=dark&#038;color=red&#038;controls=1&#038;disablekb=0&#038;\" class=\"__youtube_prefs__  no-lazyload\" title=\"YouTube player\"  allow=\"fullscreen; accelerometer; autoplay; clipboard-write; encrypted-media; gyroscope; picture-in-picture; web-share\" referrerpolicy=\"strict-origin-when-cross-origin\" allowfullscreen data-no-lazy=\"1\" data-skipgform_ajax_framebjll=\"\"><\/iframe><\/div>\n\t\t\t\t\t\t\t\t<\/div>\n\t\t\t\t<\/div>\n\t\t\t\t\t<\/div>\n\t\t<\/div>\n\t\t\t\t<div class=\"elementor-column elementor-col-50 elementor-top-column elementor-element elementor-element-606a00c elementor-hidden-phone\" data-id=\"606a00c\" data-element_type=\"column\" data-e-type=\"column\" id=\"yt-chatbox\">\n\t\t\t<div class=\"elementor-widget-wrap elementor-element-populated\">\n\t\t\t\t\t\t<div class=\"elementor-element elementor-element-c186de5 elementor-widget elementor-widget-html\" data-id=\"c186de5\" data-element_type=\"widget\" data-e-type=\"widget\" data-widget_type=\"html.default\">\n\t\t\t\t<div class=\"elementor-widget-container\">\n\t\t\t\t\t<iframe width=\"10\"  src=\"https:\/\/www.youtube.com\/live_chat?v=xk7BqnetLMs&embed_domain=healourcommunities.org\" frameborder=\"0\" allow=\"autoplay; encrypted-media\" allowfullscreen ><\/iframe>\t\t\t\t<\/div>\n\t\t\t\t<\/div>\n\t\t\t\t\t<\/div>\n\t\t<\/div>\n\t\t\t\t\t<\/div>\n\t\t<\/section>\n\t\t\t\t<section data-particle_enable=\"false\" data-particle-mobile-disabled=\"false\" class=\"elementor-section elementor-top-section elementor-element elementor-element-417e95b8 elementor-section-boxed elementor-section-height-default elementor-section-height-default\" data-id=\"417e95b8\" data-element_type=\"section\" data-e-type=\"section\">\n\t\t\t\t\t\t<div class=\"elementor-container elementor-column-gap-default\">\n\t\t\t\t\t<div class=\"elementor-column elementor-col-100 elementor-top-column elementor-element elementor-element-2884218b\" data-id=\"2884218b\" data-element_type=\"column\" data-e-type=\"column\">\n\t\t\t<div class=\"elementor-widget-wrap elementor-element-populated\">\n\t\t\t\t\t\t<div class=\"elementor-element elementor-element-49d29ebb highlight-jl elementor-widget__width-auto elementor-widget elementor-widget-heading\" data-id=\"49d29ebb\" data-element_type=\"widget\" data-e-type=\"widget\" data-widget_type=\"heading.default\">\n\t\t\t\t<div class=\"elementor-widget-container\">\n\t\t\t\t\t<h1 class=\"elementor-heading-title elementor-size-default\">GADE KOUNYE A<\/h1>\t\t\t\t<\/div>\n\t\t\t\t<\/div>\n\t\t\t\t<div class=\"elementor-element elementor-element-3313fe98 ndorh-21 about-mobile elementor-widget elementor-widget-text-editor\" data-id=\"3313fe98\" data-element_type=\"widget\" data-e-type=\"widget\" data-widget_type=\"text-editor.default\">\n\t\t\t\t<div class=\"elementor-widget-container\">\n\t\t\t\t\t\t\t\t\tChak ane, Jounen Nasyonal Gerizon Rasyal la mete aksan sou travay enp\u00f2tan pou di laverite sou mal istorik ak kontanporen rasis yo te koze, ak enp\u00f2tans pou konstwi konfyans ak relasyon nan ef\u00f2 pou kreye yon sosyete ki pi jis. L\u00e8 nou debloke prejije rasyal nou yo, nou ka konble fose, youn retabli l\u00f2t nan totalite epi transf\u00f2me kominote nou yo tankou kote ki afime val\u00e8 nannan tout moun \u2013 jodi a ak pou jenerasyon k ap vini yo. Nou konnen transf\u00f2masyon pozitif posib, paske nou te w\u00e8 travay la k ap dewoule nan kominote ak enstitisyon tout kalite.\t\t\t\t\t\t\t\t<\/div>\n\t\t\t\t<\/div>\n\t\t\t\t\t<\/div>\n\t\t<\/div>\n\t\t\t\t\t<\/div>\n\t\t<\/section>\n\t\t\t\t<section data-particle_enable=\"false\" data-particle-mobile-disabled=\"false\" class=\"elementor-section elementor-top-section elementor-element elementor-element-5a7a9f1d elementor-section-boxed elementor-section-height-default elementor-section-height-default\" data-id=\"5a7a9f1d\" data-element_type=\"section\" data-e-type=\"section\" data-settings=\"{&quot;background_background&quot;:&quot;classic&quot;}\">\n\t\t\t\t\t\t<div class=\"elementor-container elementor-column-gap-default\">\n\t\t\t\t\t<div class=\"elementor-column elementor-col-50 elementor-top-column elementor-element elementor-element-6a008599\" data-id=\"6a008599\" data-element_type=\"column\" data-e-type=\"column\">\n\t\t\t<div class=\"elementor-widget-wrap elementor-element-populated\">\n\t\t\t\t\t\t<div class=\"elementor-element elementor-element-746d03d2 elementor-widget elementor-widget-heading\" data-id=\"746d03d2\" data-element_type=\"widget\" data-e-type=\"widget\" data-widget_type=\"heading.default\">\n\t\t\t\t<div class=\"elementor-widget-container\">\n\t\t\t\t\t<h2 class=\"elementor-heading-title elementor-size-default\">Di zanmi w ak fanmi w gade ev\u00e8nman sa a!<\/h2>\t\t\t\t<\/div>\n\t\t\t\t<\/div>\n\t\t\t\t\t<\/div>\n\t\t<\/div>\n\t\t\t\t<div class=\"elementor-column elementor-col-50 elementor-top-column elementor-element elementor-element-6a9ec194\" data-id=\"6a9ec194\" data-element_type=\"column\" data-e-type=\"column\">\n\t\t\t<div class=\"elementor-widget-wrap elementor-element-populated\">\n\t\t\t\t\t\t<div class=\"elementor-element elementor-element-1f3877e elementor-shape-circle elementor-grid-0 e-grid-align-center elementor-widget elementor-widget-social-icons\" data-id=\"1f3877e\" data-element_type=\"widget\" data-e-type=\"widget\" data-widget_type=\"social-icons.default\">\n\t\t\t\t<div class=\"elementor-widget-container\">\n\t\t\t\t\t\t\t<div class=\"elementor-social-icons-wrapper elementor-grid\" role=\"list\">\n\t\t\t\t\t\t\t<span class=\"elementor-grid-item\" role=\"listitem\">\n\t\t\t\t\t<a class=\"elementor-icon elementor-social-icon elementor-social-icon-facebook elementor-repeater-item-039b379\" href=\"https:\/\/www.facebook.com\/sharer\/sharer.php?u=https%3A\/\/healourcommunities.org\/watch\/\" target=\"_blank\">\n\t\t\t\t\t\t<span class=\"elementor-screen-only\">Facebook<\/span>\n\t\t\t\t\t\t<i aria-hidden=\"true\" class=\"fab fa-facebook\"><\/i>\t\t\t\t\t<\/a>\n\t\t\t\t<\/span>\n\t\t\t\t\t\t\t<span class=\"elementor-grid-item\" role=\"listitem\">\n\t\t\t\t\t<a class=\"elementor-icon elementor-social-icon elementor-social-icon-twitter elementor-repeater-item-39dd504\" href=\"https:\/\/twitter.com\/intent\/tweet?text=%23HowWeHeal%20https%3A\/\/healourcommunities.org\/watch\/\" target=\"_blank\">\n\t\t\t\t\t\t<span class=\"elementor-screen-only\">Twitter<\/span>\n\t\t\t\t\t\t<i aria-hidden=\"true\" class=\"fab fa-twitter\"><\/i>\t\t\t\t\t<\/a>\n\t\t\t\t<\/span>\n\t\t\t\t\t\t\t<span class=\"elementor-grid-item\" role=\"listitem\">\n\t\t\t\t\t<a class=\"elementor-icon elementor-social-icon elementor-social-icon-envelope elementor-repeater-item-d4ac89d\" href=\"#elementor-action%3Aaction%3Dpopup%3Aopen%26settings%3DeyJpZCI6IjQ2MTciLCJ0b2dnbGUiOmZhbHNlfQ%3D%3D\" target=\"_blank\">\n\t\t\t\t\t\t<span class=\"elementor-screen-only\">Envelope<\/span>\n\t\t\t\t\t\t<i aria-hidden=\"true\" class=\"fas fa-envelope\"><\/i>\t\t\t\t\t<\/a>\n\t\t\t\t<\/span>\n\t\t\t\t\t<\/div>\n\t\t\t\t\t\t<\/div>\n\t\t\t\t<\/div>\n\t\t\t\t\t<\/div>\n\t\t<\/div>\n\t\t\t\t\t<\/div>\n\t\t<\/section>\n\t\t\t\t<\/div>\n\t\t","protected":false},"excerpt":{"rendered":"<p>GADE EV\u00c8NMAN JOU NASYONAL GERIZON RASYAL POU 2022 A GADE KOUNYE A Chak ane, Jounen Nasyonal Gerizon Rasyal la mete aksan sou travay enp\u00f2tan pou di laverite sou mal istorik ak kontanporen rasis yo te koze, ak enp\u00f2tans pou konstwi konfyans ak relasyon nan ef\u00f2 pou kreye yon sosyete ki pi jis. L\u00e8 nou debloke [&hellip;]<\/p>\n","protected":false},"author":66,"featured_media":0,"parent":0,"menu_order":0,"comment_status":"closed","ping_status":"closed","template":"elementor_header_footer","meta":{"_acf_changed":false,"_monsterinsights_skip_tracking":false,"_monsterinsights_sitenote_active":false,"_monsterinsights_sitenote_note":"","_monsterinsights_sitenote_category":0,"footnotes":""},"class_list":["post-6883","page","type-page","status-publish","hentry"],"acf":[],"yoast_head":"<!-- This site is optimized with the Yoast SEO plugin v27.2 - https:\/\/yoast.com\/product\/yoast-seo-wordpress\/ -->\n<title>Gade Ev\u00e8nman Jounen Nasyonal Gerizon Rasyal 2022 a. | Heal Our Communities<\/title>\n<meta name=\"robots\" content=\"index, follow, max-snippet:-1, max-image-preview:large, max-video-preview:-1\" \/>\n<link rel=\"canonical\" href=\"https:\/\/healourcommunities.org\/ht\/gade-2\/\" \/>\n<meta property=\"og:locale\" content=\"ht_HT\" \/>\n<meta property=\"og:type\" content=\"article\" \/>\n<meta property=\"og:title\" content=\"Gade Ev\u00e8nman Jounen Nasyonal Gerizon Rasyal 2021 a.\" \/>\n<meta property=\"og:description\" content=\"GADE EV\u00c8NMAN JOU NASYONAL GERIZON RASYAL POU 2022 A GADE KOUNYE A Chak ane, Jounen Nasyonal Gerizon Rasyal la mete aksan sou travay enp\u00f2tan pou di laverite sou mal istorik ak kontanporen rasis yo te koze, ak enp\u00f2tans pou konstwi konfyans ak relasyon nan ef\u00f2 pou kreye yon sosyete ki pi jis. L\u00e8 nou debloke [&hellip;]\" \/>\n<meta property=\"og:url\" content=\"https:\/\/healourcommunities.org\/ht\/gade-2\/\" \/>\n<meta property=\"og:site_name\" content=\"Heal Our Communities\" \/>\n<meta property=\"article:publisher\" content=\"https:\/\/facebook.com\/kelloggfoundation\" \/>\n<meta property=\"article:modified_time\" content=\"2022-01-18T04:57:43+00:00\" \/>\n<meta property=\"og:image\" content=\"https:\/\/healourcommunities.org\/wp-content\/uploads\/2021\/01\/NDORH-Social-Share-image.jpg\" \/>\n<meta name=\"twitter:card\" content=\"summary_large_image\" \/>\n<meta name=\"twitter:title\" content=\"Gade Ev\u00e8nman Jounen Nasyonal Gerizon Rasyal 2021 a.\" \/>\n<meta name=\"twitter:image\" content=\"https:\/\/healourcommunities.org\/wp-content\/uploads\/2021\/01\/NDORH-Social-Share-image.jpg\" \/>\n<meta name=\"twitter:site\" content=\"@wk_kellogg_fdn\" \/>\n<meta name=\"twitter:label1\" content=\"Est. reading time\" \/>\n\t<meta name=\"twitter:data1\" content=\"1 minute\" \/>\n<script type=\"application\/ld+json\" class=\"yoast-schema-graph\">{\"@context\":\"https:\/\/schema.org\",\"@graph\":[{\"@type\":\"WebPage\",\"@id\":\"https:\/\/healourcommunities.org\/ht\/gade-2\/\",\"url\":\"https:\/\/healourcommunities.org\/ht\/gade-2\/\",\"name\":\"Gade Ev\u00e8nman Jounen Nasyonal Gerizon Rasyal 2022 a. | Heal Our Communities\",\"isPartOf\":{\"@id\":\"https:\/\/healourcommunities.org\/ht\/#website\"},\"datePublished\":\"2022-01-11T17:00:55+00:00\",\"dateModified\":\"2022-01-18T04:57:43+00:00\",\"breadcrumb\":{\"@id\":\"https:\/\/healourcommunities.org\/ht\/gade-2\/#breadcrumb\"},\"inLanguage\":\"ht-HT\",\"potentialAction\":[{\"@type\":\"ReadAction\",\"target\":[\"https:\/\/healourcommunities.org\/ht\/gade-2\/\"]}]},{\"@type\":\"BreadcrumbList\",\"@id\":\"https:\/\/healourcommunities.org\/ht\/gade-2\/#breadcrumb\",\"itemListElement\":[{\"@type\":\"ListItem\",\"position\":1,\"name\":\"Home\",\"item\":\"https:\/\/healourcommunities.org\/\"},{\"@type\":\"ListItem\",\"position\":2,\"name\":\"Gade Ev\u00e8nman Jounen Nasyonal Gerizon Rasyal 2022 a.\"}]},{\"@type\":\"WebSite\",\"@id\":\"https:\/\/healourcommunities.org\/ht\/#website\",\"url\":\"https:\/\/healourcommunities.org\/ht\/\",\"name\":\"Heal Our Communities\",\"description\":\"\",\"publisher\":{\"@id\":\"https:\/\/healourcommunities.org\/ht\/#organization\"},\"potentialAction\":[{\"@type\":\"SearchAction\",\"target\":{\"@type\":\"EntryPoint\",\"urlTemplate\":\"https:\/\/healourcommunities.org\/ht\/?s={search_term_string}\"},\"query-input\":{\"@type\":\"PropertyValueSpecification\",\"valueRequired\":true,\"valueName\":\"search_term_string\"}}],\"inLanguage\":\"ht-HT\"},{\"@type\":\"Organization\",\"@id\":\"https:\/\/healourcommunities.org\/ht\/#organization\",\"name\":\"W.K. Kellogg Foundation\",\"url\":\"https:\/\/healourcommunities.org\/ht\/\",\"logo\":{\"@type\":\"ImageObject\",\"inLanguage\":\"ht-HT\",\"@id\":\"https:\/\/healourcommunities.org\/ht\/#\/schema\/logo\/image\/\",\"url\":\"https:\/\/healourcommunities.org\/wp-content\/uploads\/2019\/03\/WKKF_Tagline_200px.png\",\"contentUrl\":\"https:\/\/healourcommunities.org\/wp-content\/uploads\/2019\/03\/WKKF_Tagline_200px.png\",\"width\":200,\"height\":75,\"caption\":\"W.K. Kellogg Foundation\"},\"image\":{\"@id\":\"https:\/\/healourcommunities.org\/ht\/#\/schema\/logo\/image\/\"},\"sameAs\":[\"https:\/\/facebook.com\/kelloggfoundation\",\"https:\/\/x.com\/wk_kellogg_fdn\",\"https:\/\/instagram.com\/kelloggfoundation\",\"https:\/\/www.youtube.com\/kelloggfoundation\"]}]}<\/script>\n<!-- \/ Yoast SEO plugin. -->","yoast_head_json":{"title":"Gade Ev\u00e8nman Jounen Nasyonal Gerizon Rasyal 2022 a. | Heal Our Communities","robots":{"index":"index","follow":"follow","max-snippet":"max-snippet:-1","max-image-preview":"max-image-preview:large","max-video-preview":"max-video-preview:-1"},"canonical":"https:\/\/healourcommunities.org\/ht\/gade-2\/","og_locale":"ht_HT","og_type":"article","og_title":"Gade Ev\u00e8nman Jounen Nasyonal Gerizon Rasyal 2021 a.","og_description":"GADE EV\u00c8NMAN JOU NASYONAL GERIZON RASYAL POU 2022 A GADE KOUNYE A Chak ane, Jounen Nasyonal Gerizon Rasyal la mete aksan sou travay enp\u00f2tan pou di laverite sou mal istorik ak kontanporen rasis yo te koze, ak enp\u00f2tans pou konstwi konfyans ak relasyon nan ef\u00f2 pou kreye yon sosyete ki pi jis. L\u00e8 nou debloke [&hellip;]","og_url":"https:\/\/healourcommunities.org\/ht\/gade-2\/","og_site_name":"Heal Our Communities","article_publisher":"https:\/\/facebook.com\/kelloggfoundation","article_modified_time":"2022-01-18T04:57:43+00:00","og_image":[{"url":"https:\/\/healourcommunities.org\/wp-content\/uploads\/2021\/01\/NDORH-Social-Share-image.jpg","type":"","width":"","height":""}],"twitter_card":"summary_large_image","twitter_title":"Gade Ev\u00e8nman Jounen Nasyonal Gerizon Rasyal 2021 a.","twitter_image":"https:\/\/healourcommunities.org\/wp-content\/uploads\/2021\/01\/NDORH-Social-Share-image.jpg","twitter_site":"@wk_kellogg_fdn","twitter_misc":{"Est. reading time":"1 minute"},"schema":{"@context":"https:\/\/schema.org","@graph":[{"@type":"WebPage","@id":"https:\/\/healourcommunities.org\/ht\/gade-2\/","url":"https:\/\/healourcommunities.org\/ht\/gade-2\/","name":"Gade Ev\u00e8nman Jounen Nasyonal Gerizon Rasyal 2022 a. | Heal Our Communities","isPartOf":{"@id":"https:\/\/healourcommunities.org\/ht\/#website"},"datePublished":"2022-01-11T17:00:55+00:00","dateModified":"2022-01-18T04:57:43+00:00","breadcrumb":{"@id":"https:\/\/healourcommunities.org\/ht\/gade-2\/#breadcrumb"},"inLanguage":"ht-HT","potentialAction":[{"@type":"ReadAction","target":["https:\/\/healourcommunities.org\/ht\/gade-2\/"]}]},{"@type":"BreadcrumbList","@id":"https:\/\/healourcommunities.org\/ht\/gade-2\/#breadcrumb","itemListElement":[{"@type":"ListItem","position":1,"name":"Home","item":"https:\/\/healourcommunities.org\/"},{"@type":"ListItem","position":2,"name":"Gade Ev\u00e8nman Jounen Nasyonal Gerizon Rasyal 2022 a."}]},{"@type":"WebSite","@id":"https:\/\/healourcommunities.org\/ht\/#website","url":"https:\/\/healourcommunities.org\/ht\/","name":"Heal Our Communities","description":"","publisher":{"@id":"https:\/\/healourcommunities.org\/ht\/#organization"},"potentialAction":[{"@type":"SearchAction","target":{"@type":"EntryPoint","urlTemplate":"https:\/\/healourcommunities.org\/ht\/?s={search_term_string}"},"query-input":{"@type":"PropertyValueSpecification","valueRequired":true,"valueName":"search_term_string"}}],"inLanguage":"ht-HT"},{"@type":"Organization","@id":"https:\/\/healourcommunities.org\/ht\/#organization","name":"W.K. Kellogg Foundation","url":"https:\/\/healourcommunities.org\/ht\/","logo":{"@type":"ImageObject","inLanguage":"ht-HT","@id":"https:\/\/healourcommunities.org\/ht\/#\/schema\/logo\/image\/","url":"https:\/\/healourcommunities.org\/wp-content\/uploads\/2019\/03\/WKKF_Tagline_200px.png","contentUrl":"https:\/\/healourcommunities.org\/wp-content\/uploads\/2019\/03\/WKKF_Tagline_200px.png","width":200,"height":75,"caption":"W.K. Kellogg Foundation"},"image":{"@id":"https:\/\/healourcommunities.org\/ht\/#\/schema\/logo\/image\/"},"sameAs":["https:\/\/facebook.com\/kelloggfoundation","https:\/\/x.com\/wk_kellogg_fdn","https:\/\/instagram.com\/kelloggfoundation","https:\/\/www.youtube.com\/kelloggfoundation"]}]}},"rttpg_featured_image_url":null,"rttpg_author":{"display_name":"Brandon","author_link":"https:\/\/healourcommunities.org\/ht\/author\/brandon\/"},"rttpg_comment":0,"rttpg_category":" <a href=\"https:\/\/healourcommunities.org\/ht\/?taxonomy=translation_priority&#038;term=optional-ht\" rel=\"tag\">Optional<\/a>","rttpg_excerpt":"GADE EV\u00c8NMAN JOU NASYONAL GERIZON RASYAL POU 2022 A GADE KOUNYE A Chak ane, Jounen Nasyonal Gerizon Rasyal la mete aksan sou travay enp\u00f2tan pou di laverite sou mal istorik ak kontanporen rasis yo te koze, ak enp\u00f2tans pou konstwi konfyans ak relasyon nan ef\u00f2 pou kreye yon sosyete ki pi jis. L\u00e8 nou debloke&hellip;","_links":{"self":[{"href":"https:\/\/healourcommunities.org\/ht\/wp-json\/wp\/v2\/pages\/6883","targetHints":{"allow":["GET"]}}],"collection":[{"href":"https:\/\/healourcommunities.org\/ht\/wp-json\/wp\/v2\/pages"}],"about":[{"href":"https:\/\/healourcommunities.org\/ht\/wp-json\/wp\/v2\/types\/page"}],"author":[{"embeddable":true,"href":"https:\/\/healourcommunities.org\/ht\/wp-json\/wp\/v2\/users\/66"}],"replies":[{"embeddable":true,"href":"https:\/\/healourcommunities.org\/ht\/wp-json\/wp\/v2\/comments?post=6883"}],"version-history":[{"count":0,"href":"https:\/\/healourcommunities.org\/ht\/wp-json\/wp\/v2\/pages\/6883\/revisions"}],"wp:attachment":[{"href":"https:\/\/healourcommunities.org\/ht\/wp-json\/wp\/v2\/media?parent=6883"}],"curies":[{"name":"wp","href":"https:\/\/api.w.org\/{rel}","templated":true}]}}